{"id":14108,"date":"2024-06-24T16:29:08","date_gmt":"2024-06-24T19:29:08","guid":{"rendered":"https:\/\/pisosmanriquez.cl\/index.php\/producto\/hickory-1st-37480-av-wide\/"},"modified":"2024-06-24T16:31:00","modified_gmt":"2024-06-24T19:31:00","slug":"hickory-1st-37480-av-wide","status":"publish","type":"product","link":"https:\/\/pisosmanriquez.cl\/index.php\/producto\/hickory-1st-37480-av-wide\/","title":{"rendered":"HICKORY 1ST 37480 AV WIDE"},"content":{"rendered":"<p><strong>Caracter\u00edsticas:<\/strong><\/p>\n<p>Espesor: 8\u00a0mm<br \/>Formato: 1383 x 244 x 8 mm \u2013 Wide<br \/>Procedencia: Austria<br \/>Textura: SQ \u2013 Natural<br \/>Adicional: Bisell<\/p>\n<p><strong>Informaci\u00f3n<\/strong><\/p>\n<p>Aut\u00e9nticos, resistentes, higi\u00e9nicos, pr\u00e1cticos, ecol\u00f3gicos, faciles de limpiar e instalar. Kaindl es el mejor Piso Fotolaminado del mercado.<\/p>\n","protected":false},"excerpt":{"rendered":"<p>Caracter\u00edsticas: Espesor: 8\u00a0mmFormato: 1383 x 244 x 8 mm \u2013 WideProcedencia: AustriaTextura: SQ \u2013 NaturalAdicional: Bisell Informaci\u00f3n Aut\u00e9nticos, resistentes, higi\u00e9nicos, pr\u00e1cticos, ecol\u00f3gicos, faciles de limpiar e instalar. Kaindl es el mejor Piso Fotolaminado del mercado.<\/p>\n","protected":false},"featured_media":14109,"template":"","meta":[],"product_cat":[204],"product_tag":[],"class_list":{"0":"post-14108","1":"product","2":"type-product","3":"status-publish","4":"has-post-thumbnail","6":"product_cat-instalacion-de-pisos-flotantes","8":"first","9":"instock","10":"product-type-simple"},"acf":[],"_links":{"self":[{"href":"https:\/\/pisosmanriquez.cl\/index.php\/wp-json\/wp\/v2\/product\/14108","targetHints":{"allow":["GET"]}}],"collection":[{"href":"https:\/\/pisosmanriquez.cl\/index.php\/wp-json\/wp\/v2\/product"}],"about":[{"href":"https:\/\/pisosmanriquez.cl\/index.php\/wp-json\/wp\/v2\/types\/product"}],"wp:featuredmedia":[{"embeddable":true,"href":"https:\/\/pisosmanriquez.cl\/index.php\/wp-json\/wp\/v2\/media\/14109"}],"wp:attachment":[{"href":"https:\/\/pisosmanriquez.cl\/index.php\/wp-json\/wp\/v2\/media?parent=14108"}],"wp:term":[{"taxonomy":"product_cat","embeddable":true,"href":"https:\/\/pisosmanriquez.cl\/index.php\/wp-json\/wp\/v2\/product_cat?post=14108"},{"taxonomy":"product_tag","embeddable":true,"href":"https:\/\/pisosmanriquez.cl\/index.php\/wp-json\/wp\/v2\/product_tag?post=14108"}],"curies":[{"name":"wp","href":"https:\/\/api.w.org\/{rel}","templated":true}]}}