{"id":14190,"date":"2024-06-24T16:32:40","date_gmt":"2024-06-24T19:32:40","guid":{"rendered":"https:\/\/pisosmanriquez.cl\/index.php\/producto\/oak-1st-k4362-rf\/"},"modified":"2024-06-24T16:35:06","modified_gmt":"2024-06-24T19:35:06","slug":"oak-1st-k4362-rf","status":"publish","type":"product","link":"https:\/\/pisosmanriquez.cl\/index.php\/producto\/oak-1st-k4362-rf\/","title":{"rendered":"OAK 1ST K4362 RF"},"content":{"rendered":"<p><strong>Caracter\u00edsticas:<\/strong><\/p>\n<p>Espesor: 8\u00a0mm<br \/>Formato: 1383 x 193 x 8 mm \u2013 Standard<br \/>Procedencia: Austria<br \/>Textura: RF \u2013 Natural<br \/>Adicional: Bisel<\/p>\n<p><strong>Informaci\u00f3n<\/strong><\/p>\n<p>Aut\u00e9nticos, resistentes, higi\u00e9nicos, pr\u00e1cticos, ecol\u00f3gicos, faciles de limpiar e instalar. Kaindl es el mejor Piso Fotolaminado del mercado.<\/p>\n","protected":false},"excerpt":{"rendered":"<p>Caracter\u00edsticas: Espesor: 8\u00a0mmFormato: 1383 x 193 x 8 mm \u2013 StandardProcedencia: AustriaTextura: RF \u2013 NaturalAdicional: Bisel Informaci\u00f3n Aut\u00e9nticos, resistentes, higi\u00e9nicos, pr\u00e1cticos, ecol\u00f3gicos, faciles de limpiar e instalar. Kaindl es el mejor Piso Fotolaminado del mercado.<\/p>\n","protected":false},"featured_media":9681,"template":"","meta":[],"product_cat":[204],"product_tag":[],"class_list":{"0":"post-14190","1":"product","2":"type-product","3":"status-publish","4":"has-post-thumbnail","6":"product_cat-instalacion-de-pisos-flotantes","8":"first","9":"instock","10":"product-type-simple"},"acf":[],"_links":{"self":[{"href":"https:\/\/pisosmanriquez.cl\/index.php\/wp-json\/wp\/v2\/product\/14190","targetHints":{"allow":["GET"]}}],"collection":[{"href":"https:\/\/pisosmanriquez.cl\/index.php\/wp-json\/wp\/v2\/product"}],"about":[{"href":"https:\/\/pisosmanriquez.cl\/index.php\/wp-json\/wp\/v2\/types\/product"}],"wp:featuredmedia":[{"embeddable":true,"href":"https:\/\/pisosmanriquez.cl\/index.php\/wp-json\/wp\/v2\/media\/9681"}],"wp:attachment":[{"href":"https:\/\/pisosmanriquez.cl\/index.php\/wp-json\/wp\/v2\/media?parent=14190"}],"wp:term":[{"taxonomy":"product_cat","embeddable":true,"href":"https:\/\/pisosmanriquez.cl\/index.php\/wp-json\/wp\/v2\/product_cat?post=14190"},{"taxonomy":"product_tag","embeddable":true,"href":"https:\/\/pisosmanriquez.cl\/index.php\/wp-json\/wp\/v2\/product_tag?post=14190"}],"curies":[{"name":"wp","href":"https:\/\/api.w.org\/{rel}","templated":true}]}}