{"id":14924,"date":"2024-07-22T15:43:34","date_gmt":"2024-07-22T18:43:34","guid":{"rendered":"https:\/\/pisosmanriquez.cl\/?post_type=product&#038;p=14924"},"modified":"2024-07-22T15:56:41","modified_gmt":"2024-07-22T18:56:41","slug":"cubrepiso-basico","status":"publish","type":"product","link":"https:\/\/pisosmanriquez.cl\/index.php\/producto\/cubrepiso-basico\/","title":{"rendered":"Cubrepiso B\u00e1sico"},"content":{"rendered":"<p>Nuestro Cubrepiso b\u00e1sico est\u00e1 fabricado con fibra de polipropileno virgen. Puedes elegir entre nuestros 8 colores. No tiene base de goma, y su uso generalmente es para hogares, con tr\u00e1fico medio. \u00a1Es muy f\u00e1cil de instalar!<\/p>\n<p>T\u00e9cnica de Fabricaci\u00f3n: Sin Tejido Punzonado<\/p>\n<p>M\u00e9todo de Te\u00f1ido: En Masa<\/p>\n<p>Base: L\u00e1tex Acr\u00edlico<\/p>\n<p>Inflamabilidad: Cumple Norma ASTM 2859<\/p>\n<p>Uso: Eventos, Hogares, Comercial.<\/p>\n<p>Origen: Chile<\/p>\n<p>Tama\u00f1os: 1 metro cuadrado, 4 x 10 metros, 4 x 15 metros, 4 x 20 metros, 4 x 25 metros<\/p>\n<p>Se recomienda asistir a nuestra sala de ventas, ya que las im\u00e1genes podr\u00edan presentar peque\u00f1as diferencias en las tonalidades de los colores. All\u00ed le podremos entregar una muestra del producto final.<\/p>\n","protected":false},"excerpt":{"rendered":"<p>Nuestro Cubrepiso b\u00e1sico est\u00e1 fabricado con fibra de polipropileno virgen. Puedes elegir entre nuestros 8 colores. No tiene base de goma, y su uso generalmente es para hogares, con tr\u00e1fico medio. \u00a1Es muy f\u00e1cil de instalar! T\u00e9cnica de Fabricaci\u00f3n: Sin Tejido Punzonado M\u00e9todo de Te\u00f1ido: En Masa Base: L\u00e1tex Acr\u00edlico Inflamabilidad: Cumple Norma ASTM 2859&#8230;<\/p>\n","protected":false},"featured_media":14925,"template":"","meta":[],"product_cat":[269],"product_tag":[],"class_list":{"0":"post-14924","1":"product","2":"type-product","3":"status-publish","4":"has-post-thumbnail","6":"product_cat-cubrepiso","8":"first","9":"instock","10":"shipping-taxable","11":"product-type-simple"},"acf":[],"_links":{"self":[{"href":"https:\/\/pisosmanriquez.cl\/index.php\/wp-json\/wp\/v2\/product\/14924","targetHints":{"allow":["GET"]}}],"collection":[{"href":"https:\/\/pisosmanriquez.cl\/index.php\/wp-json\/wp\/v2\/product"}],"about":[{"href":"https:\/\/pisosmanriquez.cl\/index.php\/wp-json\/wp\/v2\/types\/product"}],"wp:featuredmedia":[{"embeddable":true,"href":"https:\/\/pisosmanriquez.cl\/index.php\/wp-json\/wp\/v2\/media\/14925"}],"wp:attachment":[{"href":"https:\/\/pisosmanriquez.cl\/index.php\/wp-json\/wp\/v2\/media?parent=14924"}],"wp:term":[{"taxonomy":"product_cat","embeddable":true,"href":"https:\/\/pisosmanriquez.cl\/index.php\/wp-json\/wp\/v2\/product_cat?post=14924"},{"taxonomy":"product_tag","embeddable":true,"href":"https:\/\/pisosmanriquez.cl\/index.php\/wp-json\/wp\/v2\/product_tag?post=14924"}],"curies":[{"name":"wp","href":"https:\/\/api.w.org\/{rel}","templated":true}]}}