{"id":14931,"date":"2024-07-22T15:43:56","date_gmt":"2024-07-22T18:43:56","guid":{"rendered":"https:\/\/pisosmanriquez.cl\/?post_type=product&#038;p=14931"},"modified":"2024-07-22T16:10:38","modified_gmt":"2024-07-22T19:10:38","slug":"cubrepiso-clasico","status":"publish","type":"product","link":"https:\/\/pisosmanriquez.cl\/index.php\/producto\/cubrepiso-clasico\/","title":{"rendered":"Cubrepiso Cl\u00e1sico"},"content":{"rendered":"<p>\u00a1Nuevo cubrepiso cl\u00e1sico, es el producto ideal para tu hogar, solo en 3 colores!<\/p>\n<p>\u00a1F\u00e1cil de instalar, estilo y calidez en un solo lugar!<\/p>\n<p>T\u00e9cnica de Fabricaci\u00f3n: Sin Tejido Punzonado<\/p>\n<p>Terminaci\u00f3n superficial: Acanalado<\/p>\n<p>M\u00e9todo de Te\u00f1ido: En Masa<\/p>\n<p>Material Polipropileno 100%<\/p>\n<p>Peso de la fibra 250 g\/m\u00b2 \u00b1 5 %<\/p>\n<p>Backing: 45 % L\u00e1tex + 55% Carbonato de Calcio<\/p>\n<p>Peso total: 610 g\/m\u00b2 \u00b1 5%<\/p>\n<p>Espesor total: 4,8 mm. \u00b1 5 %<\/p>\n<p>Inflamabilidad: Cumple Norma ASTM 2859<\/p>\n<p>Tama\u00f1os: 1 metro cuadrado, 4 x 5 metros, 4 x 10 metros, 4 x 15 metros, 4 x 20 metros, 4 x 25 metros, 4 x 50 metros<\/p>\n<p>Colores: Gris Claro, Gris Oscuro, Negro.<\/p>\n<p>Tr\u00e1fico: Medio \/ Alto.<\/p>\n","protected":false},"excerpt":{"rendered":"<p>\u00a1Nuevo cubrepiso cl\u00e1sico, es el producto ideal para tu hogar, solo en 3 colores! \u00a1F\u00e1cil de instalar, estilo y calidez en un solo lugar! T\u00e9cnica de Fabricaci\u00f3n: Sin Tejido Punzonado Terminaci\u00f3n superficial: Acanalado M\u00e9todo de Te\u00f1ido: En Masa Material Polipropileno 100% Peso de la fibra 250 g\/m\u00b2 \u00b1 5 % Backing: 45 % L\u00e1tex +&#8230;<\/p>\n","protected":false},"featured_media":14932,"template":"","meta":[],"product_cat":[269],"product_tag":[],"class_list":{"0":"post-14931","1":"product","2":"type-product","3":"status-publish","4":"has-post-thumbnail","6":"product_cat-cubrepiso","8":"first","9":"instock","10":"shipping-taxable","11":"product-type-simple"},"acf":[],"_links":{"self":[{"href":"https:\/\/pisosmanriquez.cl\/index.php\/wp-json\/wp\/v2\/product\/14931","targetHints":{"allow":["GET"]}}],"collection":[{"href":"https:\/\/pisosmanriquez.cl\/index.php\/wp-json\/wp\/v2\/product"}],"about":[{"href":"https:\/\/pisosmanriquez.cl\/index.php\/wp-json\/wp\/v2\/types\/product"}],"wp:featuredmedia":[{"embeddable":true,"href":"https:\/\/pisosmanriquez.cl\/index.php\/wp-json\/wp\/v2\/media\/14932"}],"wp:attachment":[{"href":"https:\/\/pisosmanriquez.cl\/index.php\/wp-json\/wp\/v2\/media?parent=14931"}],"wp:term":[{"taxonomy":"product_cat","embeddable":true,"href":"https:\/\/pisosmanriquez.cl\/index.php\/wp-json\/wp\/v2\/product_cat?post=14931"},{"taxonomy":"product_tag","embeddable":true,"href":"https:\/\/pisosmanriquez.cl\/index.php\/wp-json\/wp\/v2\/product_tag?post=14931"}],"curies":[{"name":"wp","href":"https:\/\/api.w.org\/{rel}","templated":true}]}}