{"id":14936,"date":"2024-07-22T15:56:55","date_gmt":"2024-07-22T18:56:55","guid":{"rendered":"https:\/\/pisosmanriquez.cl\/?post_type=product&#038;p=14936"},"modified":"2024-07-22T16:11:31","modified_gmt":"2024-07-22T19:11:31","slug":"cubrepiso-basico-con-goma-paris","status":"publish","type":"product","link":"https:\/\/pisosmanriquez.cl\/index.php\/producto\/cubrepiso-basico-con-goma-paris\/","title":{"rendered":"Cubrepiso B\u00e1sico con Goma Par\u00eds"},"content":{"rendered":"<p>Cubrepiso importada con base goma, \u00a1muy f\u00e1cil de instalar, se adhiere al piso!<\/p>\n<p>Encu\u00e9ntralo en sus 6 colores, y deja tus espacios como siempre lo so\u00f1aste!<\/p>\n<p>Fabricado de manera no tejido punzonado.<\/p>\n<p>Peso hilado de 280 gr\/m2, base secundaria de goma.<\/p>\n<p>Peso total: 750 gr\/m2<\/p>\n<p>Altura total: 4mm<\/p>\n<p>Ancho rollo: 4 mts.<\/p>\n<p>Tama\u00f1os: 4 x 5 metros, 4 x 10 metros, 4 x 15 metros, 4 x 20 metros, 4 x 25 metros, 4 x 50 metros<\/p>\n<p>*Se recomienda asistir a nuestra sala de ventas, ya que las im\u00e1genes podr\u00edan presentar peque\u00f1as diferencias en las tonalidades de los colores.<\/p>\n","protected":false},"excerpt":{"rendered":"<p>Cubrepiso importada con base goma, \u00a1muy f\u00e1cil de instalar, se adhiere al piso! Encu\u00e9ntralo en sus 6 colores, y deja tus espacios como siempre lo so\u00f1aste! Fabricado de manera no tejido punzonado. Peso hilado de 280 gr\/m2, base secundaria de goma. Peso total: 750 gr\/m2 Altura total: 4mm Ancho rollo: 4 mts. Tama\u00f1os: 4 x&#8230;<\/p>\n","protected":false},"featured_media":14937,"template":"","meta":[],"product_cat":[269],"product_tag":[],"class_list":{"0":"post-14936","1":"product","2":"type-product","3":"status-publish","4":"has-post-thumbnail","6":"product_cat-cubrepiso","8":"first","9":"instock","10":"shipping-taxable","11":"product-type-simple"},"acf":[],"_links":{"self":[{"href":"https:\/\/pisosmanriquez.cl\/index.php\/wp-json\/wp\/v2\/product\/14936","targetHints":{"allow":["GET"]}}],"collection":[{"href":"https:\/\/pisosmanriquez.cl\/index.php\/wp-json\/wp\/v2\/product"}],"about":[{"href":"https:\/\/pisosmanriquez.cl\/index.php\/wp-json\/wp\/v2\/types\/product"}],"wp:featuredmedia":[{"embeddable":true,"href":"https:\/\/pisosmanriquez.cl\/index.php\/wp-json\/wp\/v2\/media\/14937"}],"wp:attachment":[{"href":"https:\/\/pisosmanriquez.cl\/index.php\/wp-json\/wp\/v2\/media?parent=14936"}],"wp:term":[{"taxonomy":"product_cat","embeddable":true,"href":"https:\/\/pisosmanriquez.cl\/index.php\/wp-json\/wp\/v2\/product_cat?post=14936"},{"taxonomy":"product_tag","embeddable":true,"href":"https:\/\/pisosmanriquez.cl\/index.php\/wp-json\/wp\/v2\/product_tag?post=14936"}],"curies":[{"name":"wp","href":"https:\/\/api.w.org\/{rel}","templated":true}]}}