{"id":14950,"date":"2024-07-22T16:01:36","date_gmt":"2024-07-22T19:01:36","guid":{"rendered":"https:\/\/pisosmanriquez.cl\/?post_type=product&#038;p=14950"},"modified":"2024-07-22T16:12:31","modified_gmt":"2024-07-22T19:12:31","slug":"cubrepiso-exposicion-liso","status":"publish","type":"product","link":"https:\/\/pisosmanriquez.cl\/index.php\/producto\/cubrepiso-exposicion-liso\/","title":{"rendered":"Cubrepiso Exposici\u00f3n Liso"},"content":{"rendered":"<p>Origen: Chile<\/p>\n<p>T\u00e9cnica de Fabricaci\u00f3n: Sin Tejido Punzonado<\/p>\n<p>M\u00e9todo de Te\u00f1ido: En Masa<\/p>\n<p>Base: L\u00e1tex Acr\u00edlico<\/p>\n<p>Inflamabilidad: Cumple Norma ASTM 2859<\/p>\n<p>Colores: Rojo, Az\u00fal, Gris<\/p>\n<p>Tama\u00f1os: 1 metro cuadrado, 4 x 5 metros, 4 x 10 metros, 4 x 15 metros, 4 x 20 metros, 4 x 25 metros, 4 x 30 metros, 4 x 45 metros, 4 x 50 metros<\/p>\n<p>Uso: Eventos, Casas, Comercio<\/p>\n","protected":false},"excerpt":{"rendered":"<p>Origen: Chile T\u00e9cnica de Fabricaci\u00f3n: Sin Tejido Punzonado M\u00e9todo de Te\u00f1ido: En Masa Base: L\u00e1tex Acr\u00edlico Inflamabilidad: Cumple Norma ASTM 2859 Colores: Rojo, Az\u00fal, Gris Tama\u00f1os: 1 metro cuadrado, 4 x 5 metros, 4 x 10 metros, 4 x 15 metros, 4 x 20 metros, 4 x 25 metros, 4 x 30 metros, 4 x&#8230;<\/p>\n","protected":false},"featured_media":14951,"template":"","meta":[],"product_cat":[269],"product_tag":[],"class_list":{"0":"post-14950","1":"product","2":"type-product","3":"status-publish","4":"has-post-thumbnail","6":"product_cat-cubrepiso","8":"first","9":"instock","10":"shipping-taxable","11":"product-type-simple"},"acf":[],"_links":{"self":[{"href":"https:\/\/pisosmanriquez.cl\/index.php\/wp-json\/wp\/v2\/product\/14950","targetHints":{"allow":["GET"]}}],"collection":[{"href":"https:\/\/pisosmanriquez.cl\/index.php\/wp-json\/wp\/v2\/product"}],"about":[{"href":"https:\/\/pisosmanriquez.cl\/index.php\/wp-json\/wp\/v2\/types\/product"}],"wp:featuredmedia":[{"embeddable":true,"href":"https:\/\/pisosmanriquez.cl\/index.php\/wp-json\/wp\/v2\/media\/14951"}],"wp:attachment":[{"href":"https:\/\/pisosmanriquez.cl\/index.php\/wp-json\/wp\/v2\/media?parent=14950"}],"wp:term":[{"taxonomy":"product_cat","embeddable":true,"href":"https:\/\/pisosmanriquez.cl\/index.php\/wp-json\/wp\/v2\/product_cat?post=14950"},{"taxonomy":"product_tag","embeddable":true,"href":"https:\/\/pisosmanriquez.cl\/index.php\/wp-json\/wp\/v2\/product_tag?post=14950"}],"curies":[{"name":"wp","href":"https:\/\/api.w.org\/{rel}","templated":true}]}}