{"id":14954,"date":"2024-07-22T16:03:18","date_gmt":"2024-07-22T19:03:18","guid":{"rendered":"https:\/\/pisosmanriquez.cl\/?post_type=product&#038;p=14954"},"modified":"2024-07-22T16:12:52","modified_gmt":"2024-07-22T19:12:52","slug":"cubrepiso-film-liso","status":"publish","type":"product","link":"https:\/\/pisosmanriquez.cl\/index.php\/producto\/cubrepiso-film-liso\/","title":{"rendered":"Cubrepiso Film Liso"},"content":{"rendered":"<p>Origen: China<\/p>\n<p>T\u00e9cnica De Fabricaci\u00f3n: Sin Tejido Punzonado<\/p>\n<p>M\u00e9todo de Te\u00f1ido: En Masa<\/p>\n<p>Base: L\u00e1tex Acr\u00edlico<\/p>\n<p>Colores: Rojo, Az\u00fal, Gris<\/p>\n<p>Uso: Eventos, Ferias, Matrimonios, Casas, Comercio.<\/p>\n<p>Tama\u00f1os: 1 metro cuadrado, 4 x 5 metros, 4 x 10 metros, 4 x 15 metros, 4 x 20 metros, 4 x 25 metros, 4 x 30 metros, 4 x 45 metros, 4 x 50 metros.<\/p>\n","protected":false},"excerpt":{"rendered":"<p>Origen: China T\u00e9cnica De Fabricaci\u00f3n: Sin Tejido Punzonado M\u00e9todo de Te\u00f1ido: En Masa Base: L\u00e1tex Acr\u00edlico Colores: Rojo, Az\u00fal, Gris Uso: Eventos, Ferias, Matrimonios, Casas, Comercio. Tama\u00f1os: 1 metro cuadrado, 4 x 5 metros, 4 x 10 metros, 4 x 15 metros, 4 x 20 metros, 4 x 25 metros, 4 x 30 metros, 4&#8230;<\/p>\n","protected":false},"featured_media":14959,"template":"","meta":[],"product_cat":[269],"product_tag":[],"class_list":{"0":"post-14954","1":"product","2":"type-product","3":"status-publish","4":"has-post-thumbnail","6":"product_cat-cubrepiso","8":"first","9":"instock","10":"shipping-taxable","11":"product-type-simple"},"acf":[],"_links":{"self":[{"href":"https:\/\/pisosmanriquez.cl\/index.php\/wp-json\/wp\/v2\/product\/14954","targetHints":{"allow":["GET"]}}],"collection":[{"href":"https:\/\/pisosmanriquez.cl\/index.php\/wp-json\/wp\/v2\/product"}],"about":[{"href":"https:\/\/pisosmanriquez.cl\/index.php\/wp-json\/wp\/v2\/types\/product"}],"wp:featuredmedia":[{"embeddable":true,"href":"https:\/\/pisosmanriquez.cl\/index.php\/wp-json\/wp\/v2\/media\/14959"}],"wp:attachment":[{"href":"https:\/\/pisosmanriquez.cl\/index.php\/wp-json\/wp\/v2\/media?parent=14954"}],"wp:term":[{"taxonomy":"product_cat","embeddable":true,"href":"https:\/\/pisosmanriquez.cl\/index.php\/wp-json\/wp\/v2\/product_cat?post=14954"},{"taxonomy":"product_tag","embeddable":true,"href":"https:\/\/pisosmanriquez.cl\/index.php\/wp-json\/wp\/v2\/product_tag?post=14954"}],"curies":[{"name":"wp","href":"https:\/\/api.w.org\/{rel}","templated":true}]}}